{"id":2145,"date":"2022-10-02T18:43:47","date_gmt":"2022-10-02T16:43:47","guid":{"rendered":"https:\/\/happykura.pl\/produkt\/chicken-guard-ensemble-de-portes-autobloquantes\/"},"modified":"2022-10-02T18:43:47","modified_gmt":"2022-10-02T16:43:47","slug":"protege-poulets-set-door-self-locking","status":"publish","type":"product","link":"https:\/\/happykura.pl\/fr\/produit\/protege-poulets-set-door-self-locking\/","title":{"rendered":"Chicken Guard &#8211; ensemble de portes autobloquantes"},"content":{"rendered":"","protected":false},"excerpt":{"rendered":"<p>Porte \u00e9quip\u00e9e d&rsquo;un p\u00eane dormant automatique :<\/p>\n<p>&#8211; m\u00e9canisme autobloquant innovant qui, gr\u00e2ce \u00e0 deux p\u00eanes \u00e0 extension ind\u00e9pendante, emp\u00eache le soul\u00e8vement de la porte par les renards et autres pr\u00e9dateurs d\u00e9termin\u00e9s.<\/p>\n<p>&#8211; plastique durable 100% recycl\u00e9<\/p>\n<p>&#8211; des portes solides en aluminium<\/p>\n<p>&#8211; Fabriqu\u00e9 au Royaume-Uni<\/p>\n<p>&#8211; poids de la porte &#8211; 604 gr.<\/p>\n","protected":false},"featured_media":1835,"template":"","meta":[],"product_brand":[],"product_cat":[58],"product_tag":[],"class_list":{"0":"post-2145","1":"product","2":"type-product","3":"status-publish","4":"has-post-thumbnail","6":"product_cat-garde-poule","8":"first","9":"outofstock","10":"shipping-taxable","11":"purchasable","12":"product-type-simple"},"_links":{"self":[{"href":"https:\/\/happykura.pl\/fr\/wp-json\/wp\/v2\/product\/2145","targetHints":{"allow":["GET"]}}],"collection":[{"href":"https:\/\/happykura.pl\/fr\/wp-json\/wp\/v2\/product"}],"about":[{"href":"https:\/\/happykura.pl\/fr\/wp-json\/wp\/v2\/types\/product"}],"wp:featuredmedia":[{"embeddable":true,"href":"https:\/\/happykura.pl\/fr\/wp-json\/wp\/v2\/media\/1835"}],"wp:attachment":[{"href":"https:\/\/happykura.pl\/fr\/wp-json\/wp\/v2\/media?parent=2145"}],"wp:term":[{"taxonomy":"product_brand","embeddable":true,"href":"https:\/\/happykura.pl\/fr\/wp-json\/wp\/v2\/product_brand?post=2145"},{"taxonomy":"product_cat","embeddable":true,"href":"https:\/\/happykura.pl\/fr\/wp-json\/wp\/v2\/product_cat?post=2145"},{"taxonomy":"product_tag","embeddable":true,"href":"https:\/\/happykura.pl\/fr\/wp-json\/wp\/v2\/product_tag?post=2145"}],"curies":[{"name":"wp","href":"https:\/\/api.w.org\/{rel}","templated":true}]}}