{"id":2141,"date":"2022-10-02T18:45:35","date_gmt":"2022-10-02T16:45:35","guid":{"rendered":"https:\/\/happykura.pl\/produkt\/chicken-guard-ensemble-combine-mecanisme-porte-version-extreme\/"},"modified":"2022-10-02T18:45:35","modified_gmt":"2022-10-02T16:45:35","slug":"chicken-guard-combo-mechanism-door-version-extreme","status":"publish","type":"product","link":"https:\/\/happykura.pl\/fr\/produit\/chicken-guard-combo-mechanism-door-version-extreme\/","title":{"rendered":"Chicken Guard &#8211; Ensemble combin\u00e9 &#8211; m\u00e9canisme + porte &#8211; Version extr\u00eame"},"content":{"rendered":"","protected":false},"excerpt":{"rendered":"<p>R\u00e9glage automatique de l&rsquo;ouverture et de la fermeture des portes de poulailler<\/p>\n<p>&#8211; ouverture et fermeture automatique de la porte du poulailler en fonction d&rsquo;une minuterie et\/ou d&rsquo;un capteur cr\u00e9pusculaire<\/p>\n<p>&#8211; commande manuelle de la porte du poulailler &#8211; ouverture et fermeture par simple pression sur un bouton<\/p>\n<p>&#8211; moteur tr\u00e8s puissant, id\u00e9al pour les conditions climatiques extr\u00eames<\/p>\n<p>&#8211; 2 m\u00e9thodes d&rsquo;alimentation &#8211; 4 piles AA (fournies), prise d&rsquo;alimentation DC 9-12V<\/p>\n<p>&#8211; \u00e9cran LCD enti\u00e8rement fonctionnel et facile \u00e0 lire pour une utilisation ais\u00e9e<\/p>\n<p>&#8211; fonction d&rsquo;arr\u00eat automatique &#8211; pour \u00e9viter que vos poulets ne soient pi\u00e9g\u00e9s et que la ficelle ne s&#8217;emm\u00eale si l&rsquo;appareil d\u00e9tecte un tel obstacle<\/p>\n<p>&#8211; fonction d&rsquo;\u00e9talonnage automatique<\/p>\n<p>&#8211; con\u00e7u et fabriqu\u00e9 au Royaume-Uni<\/p>\n<p>&#8211; Garantie du fabricant de 3 ans<\/p>\n","protected":false},"featured_media":1841,"template":"","meta":[],"product_brand":[],"product_cat":[58],"product_tag":[],"class_list":{"0":"post-2141","1":"product","2":"type-product","3":"status-publish","4":"has-post-thumbnail","6":"product_cat-garde-poule","8":"first","9":"outofstock","10":"shipping-taxable","11":"purchasable","12":"product-type-simple"},"_links":{"self":[{"href":"https:\/\/happykura.pl\/fr\/wp-json\/wp\/v2\/product\/2141","targetHints":{"allow":["GET"]}}],"collection":[{"href":"https:\/\/happykura.pl\/fr\/wp-json\/wp\/v2\/product"}],"about":[{"href":"https:\/\/happykura.pl\/fr\/wp-json\/wp\/v2\/types\/product"}],"wp:featuredmedia":[{"embeddable":true,"href":"https:\/\/happykura.pl\/fr\/wp-json\/wp\/v2\/media\/1841"}],"wp:attachment":[{"href":"https:\/\/happykura.pl\/fr\/wp-json\/wp\/v2\/media?parent=2141"}],"wp:term":[{"taxonomy":"product_brand","embeddable":true,"href":"https:\/\/happykura.pl\/fr\/wp-json\/wp\/v2\/product_brand?post=2141"},{"taxonomy":"product_cat","embeddable":true,"href":"https:\/\/happykura.pl\/fr\/wp-json\/wp\/v2\/product_cat?post=2141"},{"taxonomy":"product_tag","embeddable":true,"href":"https:\/\/happykura.pl\/fr\/wp-json\/wp\/v2\/product_tag?post=2141"}],"curies":[{"name":"wp","href":"https:\/\/api.w.org\/{rel}","templated":true}]}}