{"id":2146,"date":"2022-10-02T18:43:47","date_gmt":"2022-10-02T16:43:47","guid":{"rendered":"https:\/\/happykura.pl\/produkt\/chicken-guard-selbstverriegelnder-tuersatz\/"},"modified":"2022-10-02T18:43:47","modified_gmt":"2022-10-02T16:43:47","slug":"huhnerschutz-satz-tur-selbstverriegelung","status":"publish","type":"product","link":"https:\/\/happykura.pl\/de\/produkt-de\/huhnerschutz-satz-tur-selbstverriegelung\/","title":{"rendered":"Chicken Guard &#8211; selbstverriegelnder T\u00fcrsatz"},"content":{"rendered":"","protected":false},"excerpt":{"rendered":"<p>T\u00fcrgarnitur mit automatischem Riegel:<\/p>\n<p>&#8211; innovativer Selbstverriegelungsmechanismus, der dank zweier unabh\u00e4ngig voneinander ausfahrbarer Riegel verhindert, dass die T\u00fcr von F\u00fcchsen und anderen entschlossenen Raubtieren aufgehebelt werden kann<\/p>\n<p>&#8211; 100% recycelter, langlebiger Kunststoff<\/p>\n<p>&#8211; starke Aluminiumt\u00fcren<\/p>\n<p>&#8211; Hergestellt in Gro\u00dfbritannien<\/p>\n<p>&#8211; Gewicht der T\u00fcr &#8211; 604 gr.<\/p>\n","protected":false},"featured_media":1836,"template":"","meta":[],"product_brand":[],"product_cat":[59],"product_tag":[],"class_list":{"0":"post-2146","1":"product","2":"type-product","3":"status-publish","4":"has-post-thumbnail","6":"product_cat-chicken-guard","8":"first","9":"outofstock","10":"shipping-taxable","11":"purchasable","12":"product-type-simple"},"_links":{"self":[{"href":"https:\/\/happykura.pl\/de\/wp-json\/wp\/v2\/product\/2146","targetHints":{"allow":["GET"]}}],"collection":[{"href":"https:\/\/happykura.pl\/de\/wp-json\/wp\/v2\/product"}],"about":[{"href":"https:\/\/happykura.pl\/de\/wp-json\/wp\/v2\/types\/product"}],"wp:featuredmedia":[{"embeddable":true,"href":"https:\/\/happykura.pl\/de\/wp-json\/wp\/v2\/media\/1836"}],"wp:attachment":[{"href":"https:\/\/happykura.pl\/de\/wp-json\/wp\/v2\/media?parent=2146"}],"wp:term":[{"taxonomy":"product_brand","embeddable":true,"href":"https:\/\/happykura.pl\/de\/wp-json\/wp\/v2\/product_brand?post=2146"},{"taxonomy":"product_cat","embeddable":true,"href":"https:\/\/happykura.pl\/de\/wp-json\/wp\/v2\/product_cat?post=2146"},{"taxonomy":"product_tag","embeddable":true,"href":"https:\/\/happykura.pl\/de\/wp-json\/wp\/v2\/product_tag?post=2146"}],"curies":[{"name":"wp","href":"https:\/\/api.w.org\/{rel}","templated":true}]}}