{"id":2144,"date":"2022-10-02T18:44:49","date_gmt":"2022-10-02T16:44:49","guid":{"rendered":"https:\/\/happykura.pl\/produkt\/chicken-guard-set-mechanismus-tuer-premium-version\/"},"modified":"2022-10-02T18:44:49","modified_gmt":"2022-10-02T16:44:49","slug":"huhn-guard-kit-tur-mechanismus-version-premium","status":"publish","type":"product","link":"https:\/\/happykura.pl\/de\/produkt-de\/huhn-guard-kit-tur-mechanismus-version-premium\/","title":{"rendered":"Chicken Guard &#8211; Set &#8211; Mechanismus + T\u00fcr &#8211; Premium Version"},"content":{"rendered":"","protected":false},"excerpt":{"rendered":"<p>Bausatz zum automatischen \u00d6ffnen und Schlie\u00dfen von Gefl\u00fcgelst\u00e4llen<\/p>\n<p>&#8211; automatisches \u00d6ffnen und Schlie\u00dfen der Stallt\u00fcr auf der Grundlage einer Zeitschaltuhr und\/oder eines D\u00e4mmerungssensors<\/p>\n<p>&#8211; manuelle Steuerung der Stallt\u00fcr &#8211; \u00d6ffnen und Schlie\u00dfen per Knopfdruck<\/p>\n<p>&#8211; 3 Stromversorgungsoptionen &#8211; 4 AA-Batterien (mitgeliefert), USB, DC 9-12V Steckdose<\/p>\n<p>&#8211; voll funktionsf\u00e4higes und leicht ablesbares LCD-Display f\u00fcr einfache Bedienung<\/p>\n<p>&#8211; automatische Stoppfunktion &#8211; &#8211; zum Schutz der H\u00fchner vor dem Einklemmen und zur Vermeidung des Verhedderns der Schnur, wenn das Ger\u00e4t ein solches Hindernis erkennt<\/p>\n<p>&#8211; automatische Kalibrierungsfunktion<\/p>\n<p>&#8211; entworfen und hergestellt in Gro\u00dfbritannien<\/p>\n<p>&#8211; 3 Jahre Herstellergarantie<\/p>\n","protected":false},"featured_media":1840,"template":"","meta":[],"product_brand":[],"product_cat":[59],"product_tag":[],"class_list":{"0":"post-2144","1":"product","2":"type-product","3":"status-publish","4":"has-post-thumbnail","6":"product_cat-chicken-guard","8":"first","9":"outofstock","10":"shipping-taxable","11":"purchasable","12":"product-type-simple"},"_links":{"self":[{"href":"https:\/\/happykura.pl\/de\/wp-json\/wp\/v2\/product\/2144","targetHints":{"allow":["GET"]}}],"collection":[{"href":"https:\/\/happykura.pl\/de\/wp-json\/wp\/v2\/product"}],"about":[{"href":"https:\/\/happykura.pl\/de\/wp-json\/wp\/v2\/types\/product"}],"wp:featuredmedia":[{"embeddable":true,"href":"https:\/\/happykura.pl\/de\/wp-json\/wp\/v2\/media\/1840"}],"wp:attachment":[{"href":"https:\/\/happykura.pl\/de\/wp-json\/wp\/v2\/media?parent=2144"}],"wp:term":[{"taxonomy":"product_brand","embeddable":true,"href":"https:\/\/happykura.pl\/de\/wp-json\/wp\/v2\/product_brand?post=2144"},{"taxonomy":"product_cat","embeddable":true,"href":"https:\/\/happykura.pl\/de\/wp-json\/wp\/v2\/product_cat?post=2144"},{"taxonomy":"product_tag","embeddable":true,"href":"https:\/\/happykura.pl\/de\/wp-json\/wp\/v2\/product_tag?post=2144"}],"curies":[{"name":"wp","href":"https:\/\/api.w.org\/{rel}","templated":true}]}}